{"id":767,"date":"2025-01-11T11:09:19","date_gmt":"2025-01-11T11:09:19","guid":{"rendered":"https:\/\/atelierkunstraum7.de\/?post_type=product&#038;p=767"},"modified":"2025-02-19T21:29:03","modified_gmt":"2025-02-19T21:29:03","slug":"wandobjekt-abstrakt-zweiteilig-2","status":"publish","type":"product","link":"https:\/\/atelierkunstraum7.de\/en\/product\/wandobjekt-abstrakt-zweiteilig-2\/","title":{"rendered":"Wandobjekt, abstrakt, zweiteilig, Raku, Unikate"},"content":{"rendered":"<p><strong>Wandobjekt, abstrakt, zweiteilig<\/strong><\/p>\n<p>Tiefrote Farbbereiche, die deutlich die starke Schrift der Pinself\u00fchrung zeigen und begleitet werden von t\u00fcrkis-farbenen Bereichen, geben beiden Wandelementen eine ganz besondere ausdrucksstarke Wirkung. Creme-T\u00f6ne umrahmen die rot-t\u00fcrkisfarbenen Bereiche. Kleine rote und t\u00fcrkisfarbene Elemente geben den Fliesen Ausgewogenheit und laden zum Betrachten ein. Im oberen Teil beider Fliesen gehen die Farben in einen gr\u00fcn-kupfer-violetten Farbbereich \u00fcber.<br \/>\nRaku, handgeformt und handglasiert. Unikate.<\/p>\n<p>Mit Aufh\u00e4ngesystem. Auf der R\u00fcckseite signiert.<br \/>\nBreite: je ca. 20 cm<br \/>\nL\u00e4nge: je ca. 60 cm<\/p>","protected":false},"excerpt":{"rendered":"<p>Wandobjekte aus Keramik, Raku, abstrakt<\/p>","protected":false},"featured_media":768,"template":"","meta":[],"product_brand":[],"product_cat":[44],"product_tag":[23,24,20,25],"class_list":{"0":"post-767","1":"product","2":"type-product","3":"status-publish","4":"has-post-thumbnail","6":"product_cat-wandobjekte","7":"product_tag-keramik","8":"product_tag-raku","9":"product_tag-wandkeramik","10":"product_tag-wandobjekt","11":"product_shipping_class-objekte-schwer","13":"first","14":"instock","15":"taxable","16":"shipping-taxable","17":"purchasable","18":"product-type-simple"},"aioseo_notices":[],"_links":{"self":[{"href":"https:\/\/atelierkunstraum7.de\/en\/wp-json\/wp\/v2\/product\/767","targetHints":{"allow":["GET"]}}],"collection":[{"href":"https:\/\/atelierkunstraum7.de\/en\/wp-json\/wp\/v2\/product"}],"about":[{"href":"https:\/\/atelierkunstraum7.de\/en\/wp-json\/wp\/v2\/types\/product"}],"wp:featuredmedia":[{"embeddable":true,"href":"https:\/\/atelierkunstraum7.de\/en\/wp-json\/wp\/v2\/media\/768"}],"wp:attachment":[{"href":"https:\/\/atelierkunstraum7.de\/en\/wp-json\/wp\/v2\/media?parent=767"}],"wp:term":[{"taxonomy":"product_brand","embeddable":true,"href":"https:\/\/atelierkunstraum7.de\/en\/wp-json\/wp\/v2\/product_brand?post=767"},{"taxonomy":"product_cat","embeddable":true,"href":"https:\/\/atelierkunstraum7.de\/en\/wp-json\/wp\/v2\/product_cat?post=767"},{"taxonomy":"product_tag","embeddable":true,"href":"https:\/\/atelierkunstraum7.de\/en\/wp-json\/wp\/v2\/product_tag?post=767"}],"curies":[{"name":"wp","href":"https:\/\/api.w.org\/{rel}","templated":true}]}}