{"id":700,"date":"2025-01-05T21:20:28","date_gmt":"2025-01-05T21:20:28","guid":{"rendered":"https:\/\/atelierkunstraum7.de\/?post_type=product&#038;p=700"},"modified":"2025-02-19T21:37:14","modified_gmt":"2025-02-19T21:37:14","slug":"drei-wandfliesen-abstrakt-7","status":"publish","type":"product","link":"https:\/\/atelierkunstraum7.de\/en\/product\/drei-wandfliesen-abstrakt-7\/","title":{"rendered":"Drei Wandfliesen, abstrakt, Raku, Unikate"},"content":{"rendered":"<p><strong>Drei Wandfliesen aus Keramik, Raku, abstrakt<\/strong><\/p>\n<p>Kupfer-T\u00fcrkis-T\u00f6ne auf rauchfarbenem Untergrund. Die Oberfl\u00e4chen sind stark strukturiert. Raku, jede Fliese ein Unikat, mit Befestigungssystem, auf der R\u00fcckseite signiert.<\/p>\n<p>Breite: je ca. 12 cm<br \/>\nH\u00f6he: je ca. 16 cm<br \/>\nTiefe: je ca. 2 cm<br \/>\nGewicht: gesamt 1,079 kg<\/p>","protected":false},"excerpt":{"rendered":"<p>Wandfliesen aus Keramik, Raku, abstrakt<\/p>","protected":false},"featured_media":854,"template":"","meta":[],"product_brand":[],"product_cat":[19],"product_tag":[23,24,22,21,20,25],"class_list":{"0":"post-700","1":"product","2":"type-product","3":"status-publish","4":"has-post-thumbnail","6":"product_cat-wandfliesen","7":"product_tag-keramik","8":"product_tag-raku","9":"product_tag-raku-fliese","10":"product_tag-wandfliese","11":"product_tag-wandkeramik","12":"product_tag-wandobjekt","13":"product_shipping_class-fliesen-klein","15":"first","16":"instock","17":"taxable","18":"shipping-taxable","19":"purchasable","20":"product-type-simple"},"aioseo_notices":[],"_links":{"self":[{"href":"https:\/\/atelierkunstraum7.de\/en\/wp-json\/wp\/v2\/product\/700","targetHints":{"allow":["GET"]}}],"collection":[{"href":"https:\/\/atelierkunstraum7.de\/en\/wp-json\/wp\/v2\/product"}],"about":[{"href":"https:\/\/atelierkunstraum7.de\/en\/wp-json\/wp\/v2\/types\/product"}],"wp:featuredmedia":[{"embeddable":true,"href":"https:\/\/atelierkunstraum7.de\/en\/wp-json\/wp\/v2\/media\/854"}],"wp:attachment":[{"href":"https:\/\/atelierkunstraum7.de\/en\/wp-json\/wp\/v2\/media?parent=700"}],"wp:term":[{"taxonomy":"product_brand","embeddable":true,"href":"https:\/\/atelierkunstraum7.de\/en\/wp-json\/wp\/v2\/product_brand?post=700"},{"taxonomy":"product_cat","embeddable":true,"href":"https:\/\/atelierkunstraum7.de\/en\/wp-json\/wp\/v2\/product_cat?post=700"},{"taxonomy":"product_tag","embeddable":true,"href":"https:\/\/atelierkunstraum7.de\/en\/wp-json\/wp\/v2\/product_tag?post=700"}],"curies":[{"name":"wp","href":"https:\/\/api.w.org\/{rel}","templated":true}]}}