{"id":683,"date":"2025-01-05T21:02:12","date_gmt":"2025-01-05T21:02:12","guid":{"rendered":"https:\/\/atelierkunstraum7.de\/?post_type=product&#038;p=683"},"modified":"2025-02-19T21:41:28","modified_gmt":"2025-02-19T21:41:28","slug":"wandfliese-abstrakt","status":"publish","type":"product","link":"https:\/\/atelierkunstraum7.de\/en\/product\/wandfliese-abstrakt\/","title":{"rendered":"Wandfliese, abstrakt, Raku, Unikat"},"content":{"rendered":"<p><strong>Wandfliese aus Keramik, Raku, abstrakt<\/strong><\/p>\n<p>Ein Einzelst\u00fcck in schillerndem Blau-T\u00fcrkis mit etwas Rost-Rot, Wei\u00df und Tiefrauchgrau. Raku, Unikat, mit Befestigungssystem, auf der R\u00fcckseite signiert.<\/p>\n<p>Breite: ca. 7,5 cm<br \/>\nH\u00f6he: ca. 19 cm<br \/>\nTiefe:\u00a0 ca. 2 cm<br \/>\nGewicht: 0,245 kg<\/p>","protected":false},"excerpt":{"rendered":"<p>Wandfliese aus Keramik, Raku, abstrakt<\/p>","protected":false},"featured_media":877,"template":"","meta":[],"product_brand":[],"product_cat":[19],"product_tag":[23,24,22,21,20,25],"class_list":{"0":"post-683","1":"product","2":"type-product","3":"status-publish","4":"has-post-thumbnail","6":"product_cat-wandfliesen","7":"product_tag-keramik","8":"product_tag-raku","9":"product_tag-raku-fliese","10":"product_tag-wandfliese","11":"product_tag-wandkeramik","12":"product_tag-wandobjekt","13":"product_shipping_class-fliesen-klein","15":"first","16":"instock","17":"taxable","18":"shipping-taxable","19":"purchasable","20":"product-type-simple"},"aioseo_notices":[],"_links":{"self":[{"href":"https:\/\/atelierkunstraum7.de\/en\/wp-json\/wp\/v2\/product\/683","targetHints":{"allow":["GET"]}}],"collection":[{"href":"https:\/\/atelierkunstraum7.de\/en\/wp-json\/wp\/v2\/product"}],"about":[{"href":"https:\/\/atelierkunstraum7.de\/en\/wp-json\/wp\/v2\/types\/product"}],"wp:featuredmedia":[{"embeddable":true,"href":"https:\/\/atelierkunstraum7.de\/en\/wp-json\/wp\/v2\/media\/877"}],"wp:attachment":[{"href":"https:\/\/atelierkunstraum7.de\/en\/wp-json\/wp\/v2\/media?parent=683"}],"wp:term":[{"taxonomy":"product_brand","embeddable":true,"href":"https:\/\/atelierkunstraum7.de\/en\/wp-json\/wp\/v2\/product_brand?post=683"},{"taxonomy":"product_cat","embeddable":true,"href":"https:\/\/atelierkunstraum7.de\/en\/wp-json\/wp\/v2\/product_cat?post=683"},{"taxonomy":"product_tag","embeddable":true,"href":"https:\/\/atelierkunstraum7.de\/en\/wp-json\/wp\/v2\/product_tag?post=683"}],"curies":[{"name":"wp","href":"https:\/\/api.w.org\/{rel}","templated":true}]}}