{"id":674,"date":"2025-01-05T20:50:31","date_gmt":"2025-01-05T20:50:31","guid":{"rendered":"https:\/\/atelierkunstraum7.de\/?post_type=product&#038;p=674"},"modified":"2025-02-19T21:43:09","modified_gmt":"2025-02-19T21:43:09","slug":"drei-wandfliesen-abstrakt-4","status":"publish","type":"product","link":"https:\/\/atelierkunstraum7.de\/en\/product\/drei-wandfliesen-abstrakt-4\/","title":{"rendered":"Drei Wandfliesen, abstrakt, Raku, Unikate"},"content":{"rendered":"<p><strong>Drei Wandfliesen aus Keramik, Raku, abstrakt<\/strong><\/p>\n<p>Zarte zur\u00fcckgenommene Farbgebung in Rost, Gr\u00fcnt\u00f6nen, Blaut\u00f6nen, Tiefgrau und etwas Gelb. Raku, jede Fliese ein Unikat, mit Befestigungssystem, auf der R\u00fcckseite signiert.<\/p>\n<p>Breite: je ca. 11,5 cm<br \/>\nH\u00f6he: je ca. 13 cm<br \/>\nTiefe: je ca. 1,5 cm<br \/>\nGewicht: 0,885 kg<\/p>","protected":false},"excerpt":{"rendered":"<p>Wandfliesen aus Keramik, Raku, abstrakt<\/p>","protected":false},"featured_media":887,"template":"","meta":[],"product_brand":[],"product_cat":[19],"product_tag":[23,24,22,21,20,25],"class_list":{"0":"post-674","1":"product","2":"type-product","3":"status-publish","4":"has-post-thumbnail","6":"product_cat-wandfliesen","7":"product_tag-keramik","8":"product_tag-raku","9":"product_tag-raku-fliese","10":"product_tag-wandfliese","11":"product_tag-wandkeramik","12":"product_tag-wandobjekt","13":"product_shipping_class-fliesen-klein","15":"first","16":"instock","17":"taxable","18":"shipping-taxable","19":"purchasable","20":"product-type-simple"},"aioseo_notices":[],"_links":{"self":[{"href":"https:\/\/atelierkunstraum7.de\/en\/wp-json\/wp\/v2\/product\/674","targetHints":{"allow":["GET"]}}],"collection":[{"href":"https:\/\/atelierkunstraum7.de\/en\/wp-json\/wp\/v2\/product"}],"about":[{"href":"https:\/\/atelierkunstraum7.de\/en\/wp-json\/wp\/v2\/types\/product"}],"wp:featuredmedia":[{"embeddable":true,"href":"https:\/\/atelierkunstraum7.de\/en\/wp-json\/wp\/v2\/media\/887"}],"wp:attachment":[{"href":"https:\/\/atelierkunstraum7.de\/en\/wp-json\/wp\/v2\/media?parent=674"}],"wp:term":[{"taxonomy":"product_brand","embeddable":true,"href":"https:\/\/atelierkunstraum7.de\/en\/wp-json\/wp\/v2\/product_brand?post=674"},{"taxonomy":"product_cat","embeddable":true,"href":"https:\/\/atelierkunstraum7.de\/en\/wp-json\/wp\/v2\/product_cat?post=674"},{"taxonomy":"product_tag","embeddable":true,"href":"https:\/\/atelierkunstraum7.de\/en\/wp-json\/wp\/v2\/product_tag?post=674"}],"curies":[{"name":"wp","href":"https:\/\/api.w.org\/{rel}","templated":true}]}}