{"id":672,"date":"2025-01-05T20:46:24","date_gmt":"2025-01-05T20:46:24","guid":{"rendered":"https:\/\/atelierkunstraum7.de\/?post_type=product&#038;p=672"},"modified":"2025-03-25T08:49:03","modified_gmt":"2025-03-25T08:49:03","slug":"zwei-wandfliesen-abstrakt-3","status":"publish","type":"product","link":"https:\/\/atelierkunstraum7.de\/en\/product\/zwei-wandfliesen-abstrakt-3\/","title":{"rendered":"Zwei Wandfliesen, abstrakt, Raku, Unikate"},"content":{"rendered":"<p><strong>Zwei Wandfliesen aus Keramik, Raku, abstrakt<\/strong><\/p>\n<p>Zwei auffallende, einander zugewandte Fliesen in Grau-Beige, durchzogen von einem feinen Linienwerk und einzelnen Sprenkeln. Beide Fliesen werden optisch verbunden durch einen durchbrochenen t\u00fcrkis-gr\u00fcnen Halbbogen. Raku, jede Fliese ein Unikat, mit Befestigungssystem, auf der R\u00fcckseite signiert.<\/p>\n<p>H\u00f6he: je 13 cm<br \/>\nBreite: je 13cm<br \/>\nTiefe: je ca. 2 cm<br \/>\nGewicht: 0,628 kg<\/p>","protected":false},"excerpt":{"rendered":"<p>Wandfliesen aus Keramik, Raku, abstrakt<\/p>","protected":false},"featured_media":890,"template":"","meta":[],"product_brand":[],"product_cat":[19],"product_tag":[23,24,22,21,20,25],"class_list":{"0":"post-672","1":"product","2":"type-product","3":"status-publish","4":"has-post-thumbnail","6":"product_cat-wandfliesen","7":"product_tag-keramik","8":"product_tag-raku","9":"product_tag-raku-fliese","10":"product_tag-wandfliese","11":"product_tag-wandkeramik","12":"product_tag-wandobjekt","13":"product_shipping_class-fliesen-klein","15":"first","16":"outofstock","17":"taxable","18":"shipping-taxable","19":"purchasable","20":"product-type-simple"},"aioseo_notices":[],"_links":{"self":[{"href":"https:\/\/atelierkunstraum7.de\/en\/wp-json\/wp\/v2\/product\/672","targetHints":{"allow":["GET"]}}],"collection":[{"href":"https:\/\/atelierkunstraum7.de\/en\/wp-json\/wp\/v2\/product"}],"about":[{"href":"https:\/\/atelierkunstraum7.de\/en\/wp-json\/wp\/v2\/types\/product"}],"wp:featuredmedia":[{"embeddable":true,"href":"https:\/\/atelierkunstraum7.de\/en\/wp-json\/wp\/v2\/media\/890"}],"wp:attachment":[{"href":"https:\/\/atelierkunstraum7.de\/en\/wp-json\/wp\/v2\/media?parent=672"}],"wp:term":[{"taxonomy":"product_brand","embeddable":true,"href":"https:\/\/atelierkunstraum7.de\/en\/wp-json\/wp\/v2\/product_brand?post=672"},{"taxonomy":"product_cat","embeddable":true,"href":"https:\/\/atelierkunstraum7.de\/en\/wp-json\/wp\/v2\/product_cat?post=672"},{"taxonomy":"product_tag","embeddable":true,"href":"https:\/\/atelierkunstraum7.de\/en\/wp-json\/wp\/v2\/product_tag?post=672"}],"curies":[{"name":"wp","href":"https:\/\/api.w.org\/{rel}","templated":true}]}}