{"id":658,"date":"2024-12-22T17:11:41","date_gmt":"2024-12-22T17:11:41","guid":{"rendered":"https:\/\/atelierkunstraum7.de\/?post_type=product&#038;p=658"},"modified":"2025-02-23T13:16:52","modified_gmt":"2025-02-23T13:16:52","slug":"drei-wandfliesen-abstrakt-3","status":"publish","type":"product","link":"https:\/\/atelierkunstraum7.de\/en\/product\/drei-wandfliesen-abstrakt-3\/","title":{"rendered":"Drei Wandfliesen, abstrakt, Raku, Unikate"},"content":{"rendered":"<p><strong>Drei Wandfliesen aus Keramik, Raku, abstrakt<\/strong><\/p>\n<p>Schillernde Rot- und Blau-T\u00fcrkis-T\u00f6ne auf rauchdunklem Grund. Raku, jede Fliese ein Unikat, mit Befestigungssystem, auf der R\u00fcckseite signiert.<\/p>\n<p>H\u00f6he: je ca. 13 cm<br \/>\nBreite: je ca. 10,5 cm<br \/>\nTiefe: je ca. 2 cm<br \/>\nGewicht: 1,115 kg<\/p>","protected":false},"excerpt":{"rendered":"<p>Wandfliesen aus Keramik, Raku, abstrakt<\/p>","protected":false},"featured_media":893,"template":"","meta":[],"product_brand":[],"product_cat":[19],"product_tag":[23,24,22,21,20,25],"class_list":{"0":"post-658","1":"product","2":"type-product","3":"status-publish","4":"has-post-thumbnail","6":"product_cat-wandfliesen","7":"product_tag-keramik","8":"product_tag-raku","9":"product_tag-raku-fliese","10":"product_tag-wandfliese","11":"product_tag-wandkeramik","12":"product_tag-wandobjekt","13":"product_shipping_class-fliesen-klein","15":"first","16":"instock","17":"taxable","18":"shipping-taxable","19":"purchasable","20":"product-type-simple"},"aioseo_notices":[],"_links":{"self":[{"href":"https:\/\/atelierkunstraum7.de\/en\/wp-json\/wp\/v2\/product\/658","targetHints":{"allow":["GET"]}}],"collection":[{"href":"https:\/\/atelierkunstraum7.de\/en\/wp-json\/wp\/v2\/product"}],"about":[{"href":"https:\/\/atelierkunstraum7.de\/en\/wp-json\/wp\/v2\/types\/product"}],"wp:featuredmedia":[{"embeddable":true,"href":"https:\/\/atelierkunstraum7.de\/en\/wp-json\/wp\/v2\/media\/893"}],"wp:attachment":[{"href":"https:\/\/atelierkunstraum7.de\/en\/wp-json\/wp\/v2\/media?parent=658"}],"wp:term":[{"taxonomy":"product_brand","embeddable":true,"href":"https:\/\/atelierkunstraum7.de\/en\/wp-json\/wp\/v2\/product_brand?post=658"},{"taxonomy":"product_cat","embeddable":true,"href":"https:\/\/atelierkunstraum7.de\/en\/wp-json\/wp\/v2\/product_cat?post=658"},{"taxonomy":"product_tag","embeddable":true,"href":"https:\/\/atelierkunstraum7.de\/en\/wp-json\/wp\/v2\/product_tag?post=658"}],"curies":[{"name":"wp","href":"https:\/\/api.w.org\/{rel}","templated":true}]}}