{"id":634,"date":"2024-12-22T14:32:27","date_gmt":"2024-12-22T14:32:27","guid":{"rendered":"https:\/\/atelierkunstraum7.de\/agb\/"},"modified":"2025-01-30T21:58:39","modified_gmt":"2025-01-30T21:58:39","slug":"agb","status":"publish","type":"page","link":"https:\/\/atelierkunstraum7.de\/en\/agb\/","title":{"rendered":"Allgemeine Gesch\u00e4ftsbedingungen"},"content":{"rendered":"<p>f\u00fcr den Online-Shop unter der URL<\/p>\n<p><a href=\"https:\/\/atelierkunstraum7.de\/en\/\">https:\/\/atelierkunstraum7.de\/<\/a><\/p>\n<p>betrieben von<\/p>\n<p>KunstRaum:7 \u2013 Studio U. Lilei<br \/>Ute Lilei-Dorn<br \/>Berdel 7<br \/>48167 M\u00fcnster Wolbeck<br \/>E-Mail:\u00a0<a href=\"https:\/\/www.e-recht24.de\/mitglieder\/tools\/projekt-manager-20\/kontakt@atelierkunstraum7.de\">kontakt@atelierkunstraum7.de<\/a><br \/>Telefonnummer: +49 (0) 2506 526 9710<\/p>\n<p>&#8211; im Folgenden: Anbieter &#8211;<\/p>\n<h2 class=\"western\">1. Geltungsbereich<\/h2>\n<p>Diese Allgemeinen Gesch\u00e4ftsbedingungen (AGB) gelten nach ihrer Einbeziehung f\u00fcr alle Vertragsschl\u00fcsse \u00fcber den Erwerb von Waren, Dienstleistungen oder sonstigen G\u00fctern (nachfolgend \u201eWaren\u201c) im Online-Shop unter der o.g. URL in ihrer zum Zeitpunkt des Vertragsschlusses g\u00fcltigen Fassung. Diese AGB gelten ausschlie\u00dflich. Abweichende AGB des Kunden werden nicht Vertragsbestandteil, es sei denn, der Anbieter stimmt diesen ausdr\u00fccklich zu.<\/p>\n<h2 class=\"western\">2. Vertragsschluss<\/h2>\n<p>2.1 Die Angebote im Online-Shop stellen eine unverbindliche Aufforderung des Anbieters an die Online-Shop-Besucher zur Abgabe eines Angebots zum Erwerb der im Shop angebotenen Waren dar.<\/p>\n<p>2.2 Die Bestellung der Ware(n) erfolgt \u00fcber das Online-Bestellformular des Anbieters. Nach der Auswahl der gew\u00fcnschten Ware(n), der Eingabe aller abgefragten Pflichtinformationen und dem Durchlaufen aller anderen verpflichtenden Schritte im Bestellprozess, k\u00f6nnen die ausgew\u00e4hlten Waren durch das Bet\u00e4tigen des Bestell-Buttons am Ende der Checkout-Seite bestellt werden (Bestellung). Durch die Bestellung gibt der Kunde ein verbindliches Vertragsangebot zum Erwerb der ausgew\u00e4hlten Ware(n) ab. Der Eingang der Bestellung wird durch eine Best\u00e4tigung des Eingangs (Eingangsbest\u00e4tigung) per Mail best\u00e4tigt. Der Vertragsschluss erfolgt erst, indem der Anbieter das Angebot des Kunden annimmt. Die Annahme erfolgt, indem der Anbieter den Vertragsschluss in Schrift- oder Textform (z.\u00a0B. per E-Mail) best\u00e4tigt (Auftragsbest\u00e4tigung) und diese Auftragsbest\u00e4tigung dem Kunden zugeht oder indem er die bestellte Ware liefert und diese Ware dem Kunden zugeht oder indem er den Kunden zur Zahlung auffordert (z.\u00a0B. Rechnung oder Kreditkartenzahlung im Bestellprozess) und die Zahlungsaufforderung dem Kunden zugeht; ma\u00dfgeblich f\u00fcr den Zeitpunkt des Vertragsschlusses ist dabei der Zeitpunkt, in dem eine der im ersten Halbsatz genannten Alternativen erstmalig eintritt.<\/p>\n<p>2.3 Vor verbindlicher Abgabe der Bestellung \u00fcber das Online-Bestellformular des Anbieters kann der Kunde seine Eingaben \u00fcberpr\u00fcfen und jederzeit \u00fcber die \u00fcblichen Tastatur-, Maus-, Touch- oder sonstigen zur Verf\u00fcgung stehenden Eingabefunktionen korrigieren. Dar\u00fcber hinaus werden alle Eingaben vor der verbindlichen Abgabe der Bestellung noch einmal in einem Best\u00e4tigungsfenster angezeigt und k\u00f6nnen auch dort mittels der \u00fcblichen Tastatur-, Maus-, Touch- oder sonstigen zur Verf\u00fcgung stehende Eingabefunktionen korrigiert werden.<\/p>\n<p>2.4 Der Anbieter wird den Vertragstext nach dem Vertragsschluss speichern und dem Kunden in Textform (z.\u00a0B. per E-Mail) \u00fcbermitteln. Eine dar\u00fcberhinausgehende Zug\u00e4nglichmachung des Vertragstexts durch den Anbieter erfolgt nicht.<\/p>\n<p>2.5 F\u00fcr den Vertragsschluss stehen folgende Sprachen zur Verf\u00fcgung: Deutsch.<\/p>\n<h2 class=\"western\">3. Widerrufsrecht f\u00fcr Verbraucher<\/h2>\n<p>Verbrauchern steht bei au\u00dferhalb von Gesch\u00e4ftsr\u00e4umen geschlossenen Vertr\u00e4gen und bei Fernabsatzvertr\u00e4gen grunds\u00e4tzlich ein Widerrufsrecht zu. Verbraucher ist jede nat\u00fcrliche Person, die ein Rechtsgesch\u00e4ft zu Zwecken abschlie\u00dft, die \u00fcberwiegend weder ihrer gewerblichen noch ihrer selbstst\u00e4ndigen beruflichen T\u00e4tigkeit zugerechnet werden k\u00f6nnen. Details sind der Widerrufsbelehrung zu entnehmen, die im Anschluss an diese Allgemeinen Gesch\u00e4ftsbedingungen unten auf dieser Seite abgedruckt ist.<\/p>\n<h2 class=\"western\">4. Zahlung, Verzug<\/h2>\n<p>4.1 Es gelten die zum Zeitpunkt der Bestellung im Online-Shop aufgef\u00fchrten Preise. Alle Preise gelten inklusive der gesetzlichen Mehrwertsteuer sowie zuz\u00fcglich der gegebenenfalls aufgef\u00fchrten Versandkosten. \u00dcber die zur Verf\u00fcgung stehenden Zahlungsm\u00f6glichkeiten wird der Kunde im Online-Shop des Anbieters informiert.<\/p>\n<p>4.2 Ist Zahlung per Kredit- oder Debitkarte vereinbart, wird der Kaufpreis sofort nach Vertragsschluss f\u00e4llig.<\/p>\n<p>4.3 Ist die Zahlung via \u201ePayPal\u201c vereinbart, wird der Kaufpreis sofort nach Vertragsabschluss f\u00e4llig. Die Zahlungsabwicklung erfolgt \u00fcber den Zahlungsdienstleister PayPal (Europe) S.\u00e0 r.l. et Cie, S.C.A., 22-24 Boulevard Royal, L-2449 Luxembourg.<\/p>\n<p>4.4 Ist die Zahlung via \u201eApple Pay\u201c vereinbart, wird der Kaufpreis sofort nach Vertragsabschluss f\u00e4llig. Die Zahlungsabwicklung erfolgt \u00fcber den Zahlungsdienstleister Apple Inc., Infinite Loop, Cupertino, CA 95014, USA.<\/p>\n<p>4.5 Ist die Zahlung via \u201eGoogle Pay\u201c vereinbart, wird der Kaufpreis sofort nach Vertragsabschluss f\u00e4llig. Die Zahlungsabwicklung erfolgt \u00fcber den Zahlungsdienstleister Google Ireland Limited, Gordon House, Barrow Street, Dublin 4, Irland.<\/p>\n<h2 class=\"western\">5. Eigentumsvorbehalt<\/h2>\n<p>Die gekaufte Ware bleibt bis zur vollst\u00e4ndigen Bezahlung des Kaufpreises Eigentum des Anbieters.<\/p>\n<h2 class=\"western\">6. Lieferung und Selbstbelieferungsvorbehalt<\/h2>\n<p>6.1 Vorbehaltlich abweichender Vereinbarungen erfolgt die Lieferung innerhalb der im Online-Shop angegebenen Lieferzeit an die vom Kunden angegebene Lieferadresse. Die geltenden Lieferzeiten sind dem Online-Shop zu entnehmen.<\/p>\n<p>6.2 Bei Speditionslieferungen erfolgt die Lieferung vorbehaltlich abweichender Vereinbarungen \u201efrei Bordsteinkante\u201c. Hiermit ist die Lieferung bis zu der der angegebenen Lieferadresse n\u00e4chst gelegenen, \u00f6ffentlichen Bordsteinkante gemeint.<\/p>\n<p>6.3 Wenn der Anbieter die bestellte Ware nicht liefern kann, weil er ohne eigenes Verschulden selbst nicht beliefert wurde, obwohl er rechtzeitig mit einem zuverl\u00e4ssigen Lieferanten ein kongruentes Deckungsgesch\u00e4ft abgeschlossen hat, wird der Anbieter von seiner Leistungspflicht frei und kann vom Vertrag zur\u00fccktreten. Der Anbieter ist verpflichtet, den Kunden unverz\u00fcglich \u00fcber die Unm\u00f6glichkeit der Leistungserf\u00fcllung in Kenntnis zu setzen. Bereits erbrachte Gegenleistungen des Vertragspartners werden diesem unverz\u00fcglich erstattet. Zwingendes Verbraucherrecht bleibt vom vorliegenden Absatz unber\u00fchrt.<\/p>\n<h2 class=\"western\">7. Gew\u00e4hrleistung<\/h2>\n<p>Es gelten die Vorschriften der gesetzlichen M\u00e4ngelgew\u00e4hrleistung.<\/p>\n<h2 class=\"western\">8. Haftung und Freistellung<\/h2>\n<p>8.1 Der Anbieter haftet unbeschr\u00e4nkt:<\/p>\n<ul>\n<li>\n<p>f\u00fcr Sch\u00e4den aus der Verletzung des Lebens, des K\u00f6rpers oder der Gesundheit, die auf einer vors\u00e4tzlichen oder fahrl\u00e4ssigen Pflichtverletzung des Anbieters oder einer vors\u00e4tzlichen oder fahrl\u00e4ssigen Pflichtverletzung eines gesetzlichen Vertreters oder Erf\u00fcllungsgehilfen des Anbieters beruhen;<\/p>\n<\/li>\n<li>\n<p>f\u00fcr Sch\u00e4den, die auf einer vors\u00e4tzlichen oder grob fahrl\u00e4ssigen Pflichtverletzung des Anbieters oder auf einer vors\u00e4tzlichen oder grob fahrl\u00e4ssigen Pflichtverletzung eines gesetzlichen Vertreters oder Erf\u00fcllungsgehilfen des Anbieters beruhen;<\/p>\n<\/li>\n<li>\n<p>aufgrund eines Garantieversprechens, soweit diesbez\u00fcglich keine andere Regelung getroffen wurde;<\/p>\n<\/li>\n<li>\n<p>aufgrund zwingender Haftung (z.\u00a0B. nach dem Produkthaftungsgesetz)<\/p>\n<\/li>\n<\/ul>\n<p>8.2 Wenn der Anbieter fahrl\u00e4ssig eine wesentliche Vertragspflicht verletzt, ist dessen Haftung auf den vertragstypischen, vorhersehbaren Schaden beschr\u00e4nkt, sofern nicht gem\u00e4\u00df vorstehendem Absatz unbeschr\u00e4nkt gehaftet wird. Wesentliche Vertragspflichten sind Pflichten, die der Vertrag dem Anbieter nach seinem Inhalt zur Erreichung des Vertragszwecks auferlegt, deren Erf\u00fcllung die ordnungsgem\u00e4\u00dfe Durchf\u00fchrung des Vertrags \u00fcberhaupt erst erm\u00f6glicht und auf deren Einhaltung der Kunde regelm\u00e4\u00dfig vertrauen darf.<\/p>\n<p>8.3 Im \u00dcbrigen ist eine Haftung des Anbieters sowie die Haftung seiner Erf\u00fcllungsgehilfen und gesetzlichen Vertreter ausgeschlossen.<\/p>\n<p>8.4 Der Kunde stellt den Anbieter von jeglichen Anspr\u00fcchen Dritter \u2013 einschlie\u00dflich der Kosten f\u00fcr die Rechtsverteidigung in ihrer gesetzlichen H\u00f6he \u2013 frei, die gegen den Anbieter aufgrund von rechts- oder vertragswidrigen Handlungen des Kunden geltend gemacht werden.<\/p>\n<h2 class=\"western\">9. Datenschutz<\/h2>\n<p>Der Anbieter behandelt die personenbezogenen Daten seiner Kunden vertraulich und im Einklang mit den gesetzlichen Datenschutzvorschriften. N\u00e4heres entnehmen Sie der Datenschutzerkl\u00e4rung des Anbieters.<\/p>\n<h2 class=\"western\">10. Schlussbestimmungen<\/h2>\n<p>10.1 Anwendbar ist das Recht der Bundesrepublik Deutschland unter Ausschluss des UN-Kaufrechts, soweit diese Rechtswahl nicht dazu f\u00fchrt, dass ein Verbraucher mit gew\u00f6hnlichem Aufenthalt in der EU hierdurch zwingenden gesetzlichen Bestimmungen des Rechts seines Aufenthaltsstaates entzogen wird.\u00a0<\/p>\n<p>10.2 Ist der Kunde Kaufmann, juristische Person des \u00f6ffentlichen Rechts oder \u00f6ffentlich-rechtliches Sonderverm\u00f6gen, ist das Gericht am Sitz des Anbieters zust\u00e4ndig, sofern nicht f\u00fcr die Streitigkeit ein ausschlie\u00dflicher Gerichtsstand begr\u00fcndet ist. Dies gilt auch, wenn der Kunde keinen Wohnsitz innerhalb der Europ\u00e4ischen Union hat. Der Sitz unseres Unternehmens ist der \u00dcberschrift dieser AGB zu entnehmen.<\/p>\n<p>10.3 Soweit eine Bestimmung dieses Vertrages ung\u00fcltig oder undurchsetzbar ist oder wird, bleiben die \u00fcbrigen Bestimmungen dieses Vertrages hiervon unber\u00fchrt.<\/p>\n<h2 class=\"western\">11. Informationen zur Online-Streitbeilegung \/ Verbraucherschlichtung<\/h2>\n<p>Die EU-Kommission stellt im Internet unter folgendem Link eine Plattform zur Online-Streitbeilegung bereit:\u00a0<a href=\"https:\/\/ec.europa.eu\/consumers\/odr\" target=\"_blank\" rel=\"noopener\">https:\/\/ec.europa.eu\/consumers\/odr<\/a>.<\/p>\n<p>Der Anbieter ist nicht bereit oder verpflichtet, an Streitbeilegungsverfahren vor einer Verbraucherschlichtungsstelle teilzunehmen.<\/p>\n<p>Unsere E-Mail-Adresse entnehmen Sie der \u00dcberschrift dieser AGB.<\/p>\n<p>****************************************************************************************************<\/p>\n<h1>Widerrufsbelehrung<\/h1>\n<h2>Widerrufsrecht f\u00fcr Verbraucher<\/h2>\n<p><em>Verbraucher ist jede nat\u00fcrliche Person, die ein Rechtsgesch\u00e4ft zu Zwecken abschlie\u00dft, die \u00fcberwiegend weder ihrer gewerblichen noch ihrer selbst\u00e4ndigen beruflichen T\u00e4tigkeit zugerechnet werden k\u00f6nnen.<\/em><\/p>\n<p>Sie haben das Recht, binnen 14 Tagen ohne Angabe von Gr\u00fcnden diesen Vertrag zu widerrufen. Die Widerrufsfrist betr\u00e4gt 14 Tage ab dem Tag, an dem Sie oder ein von Ihnen benannter Dritter, der nicht der Bef\u00f6rderer ist, die Waren in Besitz genommen haben bzw. hat.<\/p>\n<p>Um Ihr Widerrufsrecht auszu\u00fcben, m\u00fcssen Sie uns (KunstRaum:7 \u2013 Atelier U. Lilei, Ute Lilei-Dorn, Berdel 7, 48167 M\u00fcnster Wolbeck, Telefon: +49 (0) 2506 526 9710, E-Mail: kontakt@atelierkunstraum7.de) mittels einer eindeutigen Erkl\u00e4rung (z. B. ein mit der Post versandter Brief oder eine E-Mail) \u00fcber Ihren Entschluss, diesen Vertrag zu widerrufen, informieren. Sie k\u00f6nnen daf\u00fcr das beigef\u00fcgte Muster-Widerrufsformular verwenden, das jedoch nicht vorgeschrieben ist.<\/p>\n<p>Zur Wahrung der Widerrufsfrist reicht es aus, dass Sie die Mitteilung \u00fcber die Aus\u00fcbung des Widerrufsrechts vor Ablauf der Widerrufsfrist absenden.<\/p>\n<h2>Folgen des Widerrufs<\/h2>\n<p>Wenn Sie diesen Vertrag widerrufen, haben wir Ihnen alle Zahlungen, die wir von Ihnen erhalten haben, einschlie\u00dflich der Lieferkosten (mit Ausnahme der zus\u00e4tzlichen Kosten, die sich daraus ergeben, dass Sie eine andere Art der Lieferung als die von uns angebotene, g\u00fcnstigste Standardlieferung gew\u00e4hlt haben), unverz\u00fcglich und sp\u00e4testens binnen vierzehn Tagen ab dem Tag zur\u00fcckzuzahlen, an dem die Mitteilung \u00fcber Ihren Widerruf dieses Vertrags bei uns eingegangen ist. F\u00fcr diese R\u00fcckzahlung verwenden wir dasselbe Zahlungsmittel, das Sie bei der urspr\u00fcnglichen Transaktion eingesetzt haben, es sei denn, mit Ihnen wurde ausdr\u00fccklich etwas anderes vereinbart; in keinem Fall werden Ihnen wegen dieser R\u00fcckzahlung Entgelte berechnet. Wir k\u00f6nnen die R\u00fcckzahlung verweigern, bis wir die Waren wieder zur\u00fcckerhalten haben oder bis Sie den Nachweis erbracht haben, dass Sie die Waren zur\u00fcckgesandt haben, je nachdem, welches der fr\u00fchere Zeitpunkt ist.<\/p>\n<p>Sie haben die Waren unverz\u00fcglich und in jedem Fall sp\u00e4testens binnen vierzehn Tagen ab dem Tag, an dem Sie uns \u00fcber den Widerruf dieses Vertrags unterrichten, an uns zur\u00fcckzusenden oder zu \u00fcbergeben. Die Frist ist gewahrt, wenn Sie die Waren vor Ablauf der Frist von vierzehn Tagen absenden. Sie tragen die unmittelbaren Kosten der R\u00fccksendung der Waren. Sie m\u00fcssen f\u00fcr einen etwaigen Wertverlust der Waren nur aufkommen, wenn dieser Wertverlust auf einen zur Pr\u00fcfung der Beschaffenheit, Eigenschaften und Funktionsweise der Waren nicht notwendigen Umgang mit ihnen zur\u00fcckzuf\u00fchren ist.<\/p>\n<h2>Muster-Widerrufsformular<\/h2>\n<p>Wenn Sie den Vertrag widerrufen wollen, dann f\u00fcllen Sie bitte dieses Formular aus und senden Sie es zur\u00fcck.<\/p>\n<p>An<\/p>\n<p>KunstRaum:7 \u2013 Studio U. Lilei<br \/>Ute Lilei-Dorn<br \/>Berdel 7<br \/>48167 M\u00fcnster Wolbeck<br \/>E-Mail: kontakt@atelierkunstraum7.de<\/p>\n<p>Hiermit widerrufe(n) ich\/wir den von mir\/uns abgeschlossenen Vertrag \u00fcber den Kauf der folgenden Waren (Bezeichnung, ggf. Bestellnummer und Preis):<\/p>\n<p>&#8230;&#8230;&#8230;&#8230;&#8230;&#8230;&#8230;&#8230;&#8230;&#8230;&#8230;&#8230;&#8230;&#8230;&#8230;&#8230;&#8230;&#8230;&#8230;&#8230;&#8230;&#8230;&#8230;&#8230;&#8230;&#8230;<\/p>\n<p>&#8230;&#8230;&#8230;&#8230;&#8230;&#8230;&#8230;&#8230;&#8230;&#8230;&#8230;&#8230;&#8230;&#8230;&#8230;&#8230;&#8230;&#8230;&#8230;&#8230;&#8230;&#8230;&#8230;&#8230;&#8230;&#8230;<\/p>\n<p>Bestellt am (Datum):<\/p>\n<p>&#8230;&#8230;&#8230;&#8230;&#8230;&#8230;&#8230;&#8230;&#8230;..<\/p>\n<p>Erhalten am (Datum):<\/p>\n<p>&#8230;&#8230;&#8230;&#8230;&#8230;&#8230;&#8230;&#8230;&#8230;..<\/p>\n<p>Name und Anschrift des Verbrauchers:<\/p>\n<p>&#8230;&#8230;&#8230;&#8230;&#8230;&#8230;&#8230;&#8230;&#8230;..<\/p>\n<p>&#8230;&#8230;&#8230;&#8230;&#8230;&#8230;&#8230;&#8230;&#8230;..<\/p>\n<p>&#8230;&#8230;&#8230;&#8230;&#8230;&#8230;&#8230;&#8230;&#8230;..<\/p>\n<p>&#8230;&#8230;&#8230;&#8230;&#8230;&#8230;&#8230;&#8230;&#8230;..<\/p>\n<p>Datum:<\/p>\n<p>&#8230;&#8230;&#8230;&#8230;&#8230;&#8230;&#8230;&#8230;&#8230;&#8230;&#8230;&#8230;&#8230;&#8230;&#8230;&#8230;&#8230;.<\/p>\n<p>Unterschrift Kunde (nur bei schriftlichem Widerruf):<\/p>\n<p>&#8230;&#8230;&#8230;&#8230;&#8230;&#8230;&#8230;&#8230;&#8230;&#8230;&#8230;&#8230;&#8230;&#8230;&#8230;&#8230;&#8230;.<\/p>\n\n\n<p>Source: eRecht24<\/p>","protected":false},"excerpt":{"rendered":"<p>f\u00fcr den Online-Shop unter der URL https:\/\/atelierkunstraum7.de\/ betrieben von KunstRaum:7 \u2013 Atelier U. LileiUte Lilei-DornBerdel 748167 M\u00fcnster WolbeckE-Mail:\u00a0kontakt@atelierkunstraum7.deTelefonnummer: +49 (0) 2506 526 9710 &#8211; im Folgenden: Anbieter &#8211; 1. Geltungsbereich &#8230;<\/p>","protected":false},"author":1,"featured_media":0,"parent":0,"menu_order":0,"comment_status":"closed","ping_status":"closed","template":"","meta":{"footnotes":""},"class_list":["post-634","page","type-page","status-publish","hentry"],"aioseo_notices":[],"_links":{"self":[{"href":"https:\/\/atelierkunstraum7.de\/en\/wp-json\/wp\/v2\/pages\/634","targetHints":{"allow":["GET"]}}],"collection":[{"href":"https:\/\/atelierkunstraum7.de\/en\/wp-json\/wp\/v2\/pages"}],"about":[{"href":"https:\/\/atelierkunstraum7.de\/en\/wp-json\/wp\/v2\/types\/page"}],"author":[{"embeddable":true,"href":"https:\/\/atelierkunstraum7.de\/en\/wp-json\/wp\/v2\/users\/1"}],"replies":[{"embeddable":true,"href":"https:\/\/atelierkunstraum7.de\/en\/wp-json\/wp\/v2\/comments?post=634"}],"version-history":[{"count":7,"href":"https:\/\/atelierkunstraum7.de\/en\/wp-json\/wp\/v2\/pages\/634\/revisions"}],"predecessor-version":[{"id":826,"href":"https:\/\/atelierkunstraum7.de\/en\/wp-json\/wp\/v2\/pages\/634\/revisions\/826"}],"wp:attachment":[{"href":"https:\/\/atelierkunstraum7.de\/en\/wp-json\/wp\/v2\/media?parent=634"}],"curies":[{"name":"wp","href":"https:\/\/api.w.org\/{rel}","templated":true}]}}