{"id":5,"date":"2019-01-13T20:10:30","date_gmt":"2019-01-13T20:10:30","guid":{"rendered":"https:\/\/atelierkunstraum7.de\/?page_id=5"},"modified":"2025-05-11T17:42:16","modified_gmt":"2025-05-11T17:42:16","slug":"atelier-u-lilei","status":"publish","type":"page","link":"https:\/\/atelierkunstraum7.de\/en\/","title":{"rendered":"Studio U. Lilei"},"content":{"rendered":"<div class=\"wp-block-responsive-lightbox-gallery\"><div class=\"rl-gallery-container rl-loading\" id=\"rl-gallery-container-1\" data-gallery_id=\"582\"> <div class=\"rl-gallery rl-basicmasonry-gallery\" id=\"rl-gallery-1\" data-gallery_no=\"1\"> <div class=\"rl-gutter-sizer\"><\/div><div class=\"rl-grid-sizer\"><\/div> <div class=\"rl-gallery-item rl-gallery-item-width-4\" > <div class=\"rl-gallery-item-content\"> <a href=\"https:\/\/atelierkunstraum7.de\/wp-content\/uploads\/2019\/01\/Objekt1_1.jpg\" title=\"\" data-rl_title=\"\" class=\"rl-gallery-link\" data-rl_caption=\"\" data-rel=\"lightbox-gallery-1\"><img loading=\"lazy\" decoding=\"async\" src=\"https:\/\/atelierkunstraum7.de\/wp-content\/uploads\/2019\/01\/Objekt1_1.jpg\" width=\"800\" height=\"600\" alt=\"Kapsel, Keramik, Rauchbrand, Edelstahl-, Kupferdraht, Papierschnur\"\/><\/a> <\/div> <\/div> <div class=\"rl-gallery-item\" > <div class=\"rl-gallery-item-content\"> <a href=\"https:\/\/atelierkunstraum7.de\/wp-content\/uploads\/2019\/01\/Objekt2_1.jpg\" title=\"\" data-rl_title=\"\" class=\"rl-gallery-link\" data-rl_caption=\"\" data-rel=\"lightbox-gallery-1\"><img loading=\"lazy\" decoding=\"async\" src=\"https:\/\/atelierkunstraum7.de\/wp-content\/uploads\/2019\/01\/Objekt2_1.jpg\" width=\"800\" height=\"900\" alt=\"Trapez, Keramik, Kapselbrand, br\u00fcnierter und Kupferdraht, auf Acryl\"\/><\/a> <\/div> <\/div> <div class=\"rl-gallery-item\" > <div class=\"rl-gallery-item-content\"> <a href=\"https:\/\/atelierkunstraum7.de\/wp-content\/uploads\/2019\/01\/Objekt3_2.jpg\" title=\"\" data-rl_title=\"\" class=\"rl-gallery-link\" data-rl_caption=\"\" data-rel=\"lightbox-gallery-1\"><img loading=\"lazy\" decoding=\"async\" src=\"https:\/\/atelierkunstraum7.de\/wp-content\/uploads\/2019\/01\/Objekt3_2.jpg\" width=\"800\" height=\"700\" alt=\"6 R\u00f6hren, Porzellan, Silber-, Edelstahl- und Kupferdraht\"\/><\/a> <\/div> <\/div> <div class=\"rl-gallery-item\" > <div class=\"rl-gallery-item-content\"> <a href=\"https:\/\/atelierkunstraum7.de\/wp-content\/uploads\/2019\/01\/Objekt4_1.jpg\" title=\"\" data-rl_title=\"\" class=\"rl-gallery-link\" data-rl_caption=\"\" data-rel=\"lightbox-gallery-1\"><img loading=\"lazy\" decoding=\"async\" src=\"https:\/\/atelierkunstraum7.de\/wp-content\/uploads\/2019\/01\/Objekt4_1.jpg\" width=\"800\" height=\"1000\" alt=\"Lotus I, Keramik, Kapselbrand, Edelstahl- und Kupferdraht\"\/><\/a> <\/div> <\/div> <div class=\"rl-gallery-item\" > <div class=\"rl-gallery-item-content\"> <a href=\"https:\/\/atelierkunstraum7.de\/wp-content\/uploads\/2019\/01\/Objekt6_2-1.jpg\" title=\"\" data-rl_title=\"\" class=\"rl-gallery-link\" data-rl_caption=\"\" data-rel=\"lightbox-gallery-1\"><img loading=\"lazy\" decoding=\"async\" src=\"https:\/\/atelierkunstraum7.de\/wp-content\/uploads\/2019\/01\/Objekt6_2-1.jpg\" width=\"800\" height=\"900\" alt=\"The Core, Keramik, Kapselbrand, Silber-, Kupferdraht und schwarzer Draht, Lichtinstallation\"\/><\/a> <\/div> <\/div> <div class=\"rl-gallery-item\" > <div class=\"rl-gallery-item-content\"> <a href=\"https:\/\/atelierkunstraum7.de\/wp-content\/uploads\/2019\/01\/Objekt5_2.jpg\" title=\"\" data-rl_title=\"\" class=\"rl-gallery-link\" data-rl_caption=\"\" data-rel=\"lightbox-gallery-1\"><img loading=\"lazy\" decoding=\"async\" src=\"https:\/\/atelierkunstraum7.de\/wp-content\/uploads\/2019\/01\/Objekt5_2.jpg\" width=\"800\" height=\"700\" alt=\"Netze, Keramik, Naked Raku, antike leonische F\u00e4den\"\/><\/a> <\/div> <\/div> <\/div> <div class=\"rl-gallery-description\">Pictures above: Renate Ritzenhoff<\/div> <\/div><\/div>\n\n\n\n<div style=\"height:56px\" aria-hidden=\"true\" class=\"wp-block-spacer\"><\/div>\n\n\n\n<div class=\"wp-block-media-text has-media-on-the-right is-stacked-on-mobile\"><div class=\"wp-block-media-text__content\">\n<h4 class=\"wp-block-heading\">Welcome!<\/h4>\n\n\n\n<p>I have compiled some pictures of my works for you in a <a href=\"https:\/\/atelierkunstraum7.de\/en\/bildergalerie\/\" target=\"_blank\" rel=\"noopener\" title=\"Gallery\"><strong>Gallery<\/strong><\/a> . Feel free to take a look at my <a href=\"https:\/\/atelierkunstraum7.de\/en\/shop\/\" target=\"_blank\" rel=\"noopener\" title=\"Shop\"><strong>Shop<\/strong><\/a> , where you can purchase selected works.<\/p>\n\n\n\n<p><\/p>\n<\/div><figure class=\"wp-block-media-text__media\"><img loading=\"lazy\" decoding=\"async\" width=\"1024\" height=\"768\" src=\"https:\/\/atelierkunstraum7.de\/wp-content\/uploads\/2022\/06\/Zwiesprache-1024x768.jpg\" alt=\"\" class=\"wp-image-454 size-full\" srcset=\"https:\/\/atelierkunstraum7.de\/wp-content\/uploads\/2022\/06\/Zwiesprache-1024x768.jpg 1024w, https:\/\/atelierkunstraum7.de\/wp-content\/uploads\/2022\/06\/Zwiesprache-300x225.jpg 300w, https:\/\/atelierkunstraum7.de\/wp-content\/uploads\/2022\/06\/Zwiesprache-scaled-600x450.jpg 600w, https:\/\/atelierkunstraum7.de\/wp-content\/uploads\/2022\/06\/Zwiesprache-768x576.jpg 768w, https:\/\/atelierkunstraum7.de\/wp-content\/uploads\/2022\/06\/Zwiesprache-1536x1152.jpg 1536w, https:\/\/atelierkunstraum7.de\/wp-content\/uploads\/2022\/06\/Zwiesprache-2048x1536.jpg 2048w, https:\/\/atelierkunstraum7.de\/wp-content\/uploads\/2022\/06\/Zwiesprache-1320x990.jpg 1320w\" sizes=\"auto, (max-width: 1024px) 100vw, 1024px\" \/><\/figure><\/div>\n\n\n\n<div style=\"height:56px\" aria-hidden=\"true\" class=\"wp-block-spacer\"><\/div>\n\n\n\n<p class=\"has-text-align-center has-medium-font-size\">Objects | Sculptures | Wall objects | Ceramics | Porcelain | Unique pieces | Acrylic and oil paintings | Permanent exhibition | Sales <\/p>","protected":false},"excerpt":{"rendered":"<p>Herzlich Willkommen! Einige Bilder meiner Werke habe ich f\u00fcr Sie in einer Bildergalerie zusammengestellt. Schauen Sie auch gerne in meinem Shop vorbei, dort k\u00f6nnen Sie ausgew\u00e4hlte Werke erwerben. Objekte | &#8230;<\/p>","protected":false},"author":4,"featured_media":0,"parent":0,"menu_order":0,"comment_status":"closed","ping_status":"closed","template":"","meta":{"footnotes":""},"class_list":["post-5","page","type-page","status-publish","hentry"],"aioseo_notices":[],"_links":{"self":[{"href":"https:\/\/atelierkunstraum7.de\/en\/wp-json\/wp\/v2\/pages\/5","targetHints":{"allow":["GET"]}}],"collection":[{"href":"https:\/\/atelierkunstraum7.de\/en\/wp-json\/wp\/v2\/pages"}],"about":[{"href":"https:\/\/atelierkunstraum7.de\/en\/wp-json\/wp\/v2\/types\/page"}],"author":[{"embeddable":true,"href":"https:\/\/atelierkunstraum7.de\/en\/wp-json\/wp\/v2\/users\/4"}],"replies":[{"embeddable":true,"href":"https:\/\/atelierkunstraum7.de\/en\/wp-json\/wp\/v2\/comments?post=5"}],"version-history":[{"count":50,"href":"https:\/\/atelierkunstraum7.de\/en\/wp-json\/wp\/v2\/pages\/5\/revisions"}],"predecessor-version":[{"id":995,"href":"https:\/\/atelierkunstraum7.de\/en\/wp-json\/wp\/v2\/pages\/5\/revisions\/995"}],"wp:attachment":[{"href":"https:\/\/atelierkunstraum7.de\/en\/wp-json\/wp\/v2\/media?parent=5"}],"curies":[{"name":"wp","href":"https:\/\/api.w.org\/{rel}","templated":true}]}}